{"id":1502,"date":"2023-08-06T19:59:39","date_gmt":"2023-08-06T19:59:39","guid":{"rendered":"https:\/\/truviewgps.co.uk\/?post_type=product&#038;p=1502"},"modified":"2024-12-01T00:00:26","modified_gmt":"2024-12-01T00:00:26","slug":"tv130","status":"publish","type":"product","link":"https:\/\/truviewgps.com\/cs\/product\/tv130\/","title":{"rendered":"TV130"},"content":{"rendered":"","protected":false},"excerpt":{"rendered":"<p>The devices are simply mounted to the vehicle\u2019s battery, allowing a very low cost SELF- installation<\/p>\n","protected":false},"featured_media":1973,"template":"","meta":[],"product_cat":[26],"product_tag":[],"class_list":{"0":"post-1502","1":"product","2":"type-product","3":"status-publish","4":"has-post-thumbnail","6":"product_cat-vehicle-gps-tracker","8":"first","9":"instock","10":"featured","11":"shipping-taxable","12":"purchasable","13":"product-type-simple"},"yoast_head":"<!-- This site is optimized with the Yoast SEO plugin v22.1 - https:\/\/yoast.com\/wordpress\/plugins\/seo\/ -->\n<title>TV130 | Truview GPS | Battery Mounted Vehicle Tracker<\/title>\n<meta name=\"description\" content=\"Battery Mounted Vehicle Tracker, Self-installation on battery or power point, True multi roaming sim, Live alerts and turn by turn updates\" \/>\n<meta name=\"robots\" content=\"index, follow, max-snippet:-1, max-image-preview:large, max-video-preview:-1\" \/>\n<link rel=\"canonical\" href=\"https:\/\/truviewgps.com\/product\/tv130\/\" \/>\n<meta property=\"og:locale\" content=\"cs_CZ\" \/>\n<meta property=\"og:type\" content=\"article\" \/>\n<meta property=\"og:title\" content=\"TV100 | Truview GPS | Battery Mounted Vehicle Tracker\" \/>\n<meta property=\"og:description\" content=\"Battery Mounted Vehicle Tracker, Self-installation on battery or power point, True multi roaming sim, Live alerts and turn by turn updates\" \/>\n<meta property=\"og:url\" content=\"https:\/\/truviewgps.com\/product\/tv130\/\" \/>\n<meta property=\"og:site_name\" content=\"Truview GPS\" \/>\n<meta property=\"article:modified_time\" content=\"2024-12-01T00:00:26+00:00\" \/>\n<meta property=\"og:image\" content=\"https:\/\/truviewgps.com\/wp-content\/uploads\/2023\/05\/TV100-e1682964200953.png\" \/>\n\t<meta property=\"og:image:width\" content=\"963\" \/>\n\t<meta property=\"og:image:height\" content=\"737\" \/>\n\t<meta property=\"og:image:type\" content=\"image\/png\" \/>\n<meta name=\"twitter:card\" content=\"summary_large_image\" \/>\n<meta name=\"twitter:title\" content=\"TV100 | Truview GPS | Battery Mounted Vehicle Tracker\" \/>\n<meta name=\"twitter:description\" content=\"Battery Mounted Vehicle Tracker, Self-installation on battery or power point, True multi roaming sim, Live alerts and turn by turn updates\" \/>\n<meta name=\"twitter:image\" content=\"https:\/\/truviewgps.com\/wp-content\/uploads\/2023\/05\/TV100-e1682964200953.png\" \/>\n<meta name=\"twitter:label1\" content=\"Odhadovan\u00e1 doba \u010dten\u00ed\" \/>\n\t<meta name=\"twitter:data1\" content=\"1 minuta\" \/>\n<script type=\"application\/ld+json\" class=\"yoast-schema-graph\">{\"@context\":\"https:\/\/schema.org\",\"@graph\":[{\"@type\":\"WebPage\",\"@id\":\"https:\/\/truviewgps.com\/product\/tv130\/\",\"url\":\"https:\/\/truviewgps.com\/product\/tv130\/\",\"name\":\"TV130 | Truview GPS | Battery Mounted Vehicle Tracker\",\"isPartOf\":{\"@id\":\"\/#website\"},\"datePublished\":\"2023-08-06T19:59:39+00:00\",\"dateModified\":\"2024-12-01T00:00:26+00:00\",\"description\":\"Battery Mounted Vehicle Tracker, Self-installation on battery or power point, True multi roaming sim, Live alerts and turn by turn updates\",\"breadcrumb\":{\"@id\":\"https:\/\/truviewgps.com\/product\/tv130\/#breadcrumb\"},\"inLanguage\":\"cs\",\"potentialAction\":[{\"@type\":\"ReadAction\",\"target\":[\"https:\/\/truviewgps.com\/product\/tv130\/\"]}]},{\"@type\":\"BreadcrumbList\",\"@id\":\"https:\/\/truviewgps.com\/product\/tv130\/#breadcrumb\",\"itemListElement\":[{\"@type\":\"ListItem\",\"position\":1,\"name\":\"Home\",\"item\":\"https:\/\/truviewgps.com\/cs\/domov\/\"},{\"@type\":\"ListItem\",\"position\":2,\"name\":\"TV130\"}]},{\"@type\":\"WebSite\",\"@id\":\"\/#website\",\"url\":\"\/\",\"name\":\"Truview GPS\",\"description\":\"\",\"publisher\":{\"@id\":\"\/#organization\"},\"potentialAction\":[{\"@type\":\"SearchAction\",\"target\":{\"@type\":\"EntryPoint\",\"urlTemplate\":\"\/?s={search_term_string}\"},\"query-input\":\"required name=search_term_string\"}],\"inLanguage\":\"cs\"},{\"@type\":\"Organization\",\"@id\":\"\/#organization\",\"name\":\"Truview GPS\",\"url\":\"\/\",\"logo\":{\"@type\":\"ImageObject\",\"inLanguage\":\"cs\",\"@id\":\"\/#\/schema\/logo\/image\/\",\"url\":\"https:\/\/truviewgps.com\/wp-content\/uploads\/2022\/11\/cropped-truview-gps-logo-transparent-background.png\",\"contentUrl\":\"https:\/\/truviewgps.com\/wp-content\/uploads\/2022\/11\/cropped-truview-gps-logo-transparent-background.png\",\"width\":540,\"height\":147,\"caption\":\"Truview GPS\"},\"image\":{\"@id\":\"\/#\/schema\/logo\/image\/\"}}]}<\/script>\n<!-- \/ Yoast SEO plugin. -->","yoast_head_json":{"title":"TV130 | Truview GPS | Battery Mounted Vehicle Tracker","description":"Battery Mounted Vehicle Tracker, Self-installation on battery or power point, True multi roaming sim, Live alerts and turn by turn updates","robots":{"index":"index","follow":"follow","max-snippet":"max-snippet:-1","max-image-preview":"max-image-preview:large","max-video-preview":"max-video-preview:-1"},"canonical":"https:\/\/truviewgps.com\/product\/tv130\/","og_locale":"cs_CZ","og_type":"article","og_title":"TV100 | Truview GPS | Battery Mounted Vehicle Tracker","og_description":"Battery Mounted Vehicle Tracker, Self-installation on battery or power point, True multi roaming sim, Live alerts and turn by turn updates","og_url":"https:\/\/truviewgps.com\/product\/tv130\/","og_site_name":"Truview GPS","article_modified_time":"2024-12-01T00:00:26+00:00","og_image":[{"width":963,"height":737,"url":"https:\/\/truviewgps.com\/wp-content\/uploads\/2023\/05\/TV100-e1682964200953.png","type":"image\/png"}],"twitter_card":"summary_large_image","twitter_title":"TV100 | Truview GPS | Battery Mounted Vehicle Tracker","twitter_description":"Battery Mounted Vehicle Tracker, Self-installation on battery or power point, True multi roaming sim, Live alerts and turn by turn updates","twitter_image":"https:\/\/truviewgps.com\/wp-content\/uploads\/2023\/05\/TV100-e1682964200953.png","twitter_misc":{"Odhadovan\u00e1 doba \u010dten\u00ed":"1 minuta"},"schema":{"@context":"https:\/\/schema.org","@graph":[{"@type":"WebPage","@id":"https:\/\/truviewgps.com\/product\/tv130\/","url":"https:\/\/truviewgps.com\/product\/tv130\/","name":"TV130 | Truview GPS | Battery Mounted Vehicle Tracker","isPartOf":{"@id":"\/#website"},"datePublished":"2023-08-06T19:59:39+00:00","dateModified":"2024-12-01T00:00:26+00:00","description":"Battery Mounted Vehicle Tracker, Self-installation on battery or power point, True multi roaming sim, Live alerts and turn by turn updates","breadcrumb":{"@id":"https:\/\/truviewgps.com\/product\/tv130\/#breadcrumb"},"inLanguage":"cs","potentialAction":[{"@type":"ReadAction","target":["https:\/\/truviewgps.com\/product\/tv130\/"]}]},{"@type":"BreadcrumbList","@id":"https:\/\/truviewgps.com\/product\/tv130\/#breadcrumb","itemListElement":[{"@type":"ListItem","position":1,"name":"Home","item":"https:\/\/truviewgps.com\/cs\/domov\/"},{"@type":"ListItem","position":2,"name":"TV130"}]},{"@type":"WebSite","@id":"\/#website","url":"\/","name":"Truview GPS","description":"","publisher":{"@id":"\/#organization"},"potentialAction":[{"@type":"SearchAction","target":{"@type":"EntryPoint","urlTemplate":"\/?s={search_term_string}"},"query-input":"required name=search_term_string"}],"inLanguage":"cs"},{"@type":"Organization","@id":"\/#organization","name":"Truview GPS","url":"\/","logo":{"@type":"ImageObject","inLanguage":"cs","@id":"\/#\/schema\/logo\/image\/","url":"https:\/\/truviewgps.com\/wp-content\/uploads\/2022\/11\/cropped-truview-gps-logo-transparent-background.png","contentUrl":"https:\/\/truviewgps.com\/wp-content\/uploads\/2022\/11\/cropped-truview-gps-logo-transparent-background.png","width":540,"height":147,"caption":"Truview GPS"},"image":{"@id":"\/#\/schema\/logo\/image\/"}}]}},"_links":{"self":[{"href":"https:\/\/truviewgps.com\/cs\/wp-json\/wp\/v2\/product\/1502","targetHints":{"allow":["GET"]}}],"collection":[{"href":"https:\/\/truviewgps.com\/cs\/wp-json\/wp\/v2\/product"}],"about":[{"href":"https:\/\/truviewgps.com\/cs\/wp-json\/wp\/v2\/types\/product"}],"wp:featuredmedia":[{"embeddable":true,"href":"https:\/\/truviewgps.com\/cs\/wp-json\/wp\/v2\/media\/1973"}],"wp:attachment":[{"href":"https:\/\/truviewgps.com\/cs\/wp-json\/wp\/v2\/media?parent=1502"}],"wp:term":[{"taxonomy":"product_cat","embeddable":true,"href":"https:\/\/truviewgps.com\/cs\/wp-json\/wp\/v2\/product_cat?post=1502"},{"taxonomy":"product_tag","embeddable":true,"href":"https:\/\/truviewgps.com\/cs\/wp-json\/wp\/v2\/product_tag?post=1502"}],"curies":[{"name":"wp","href":"https:\/\/api.w.org\/{rel}","templated":true}]}}